{"id":159,"date":"2022-09-20T08:09:05","date_gmt":"2022-09-20T08:09:05","guid":{"rendered":"https:\/\/www.controlox.eu\/de\/?page_id=159"},"modified":"2022-09-20T09:23:06","modified_gmt":"2022-09-20T09:23:06","slug":"blog","status":"publish","type":"page","link":"https:\/\/www.controlox.eu\/de\/blog\/","title":{"rendered":"Blog"},"content":{"rendered":"\n<p><strong>CONTROLPACK wird auf der internationalen Verpackungsmesse FACHPACK 2022 vertreten sein<\/strong><\/p>\n\n\n\n<p>Am 27., 28. und 29. September 2022 findet eine Neuauflage der FACHPACK statt, der wichtigsten Fachmesse f\u00fcr Verpackungsmaterialien, -Dienstleistungen und &#8211; Technologie in Europa.<br>Sie findet jedes Jahr in N\u00fcrnberg statt und hat sich im Laufe ihrer 40-j\u00e4hrigenGeschichte als eine der wichtigsten Plattformen der Branche etabliert, ein Ort f\u00fcr Dialog und Informationsaustausch \u00fcber die neuesten Trends und Innovationen in der Verpackungsindustrie, bringt Verpackungsprofis aus der ganzen Welt zusammen. F\u00fchrende Unternehmen aus den verschiedenen Bereichen des Verpackungsprozesses wie Produktion, Lagerung, Logistik oder Vertrieb treffen sich auf dieser einzigartigen Veranstaltung, um die neuesten Entwicklungen des Marktes vorzustellen. In diesem Zusammenhang ist die Pr\u00e4senz von Controlpack als Benchmark-Unternehmen mit mehr als 30 Jahren Erfahrung in der Konzeption und Entwicklung von kundenspezifischen Verpackungsl\u00f6sungen, die an alle Arten von Dienstleistungen angepasst sind, unerl\u00e4sslich.<\/p>\n\n\n\n<p><strong>FACHPACK 2022: TRANSITION IN PACKAGING<\/strong><\/p>\n\n\n\n<p>Unter dem Motto \u201eTransition in Packaging\u201c als Hauptthema der Messe m\u00f6chte die FACHPACK ein Treffpunkt sein, um besuchende Unternehmen zu den neuesten  Technologien und Innovationen in der Verpackungsindustrie zu f\u00fchren und zu orientieren. In einer sich st\u00e4ndig ver\u00e4ndernden Welt sind die Herausforderungen, denen sich die Branche gegen\u00fcbersieht, vielf\u00e4ltig. Dies bietet gro\u00dfe Chancen, neue Verbesserungen in allen Bereichen der Verpackung zu entwickeln. In dieser Ausgabe wird nicht nur Nachhaltigkeit diskutiert, ein Faktor, der aufgrund der Anforderungen sowohl der Gesetzgebung als auch der Verbraucher selbst eine notwendige und lebenswichtige Pr\u00e4senz hat, sondern auch Aspekte im Zusammenhang mit der  Kreislaufwirtschaft, der Digitalisierung und dem elektronischen Handel werden die Hauptakteure der seiner Veranstaltung. Maximaler Schutz mit der Antikorrosionsverpackung Controlpack<br>Im Controlpack wir sind Spezialisten f\u00fcr die Bereitstellung verschiedener Verpackungsl\u00f6sungen, die auf die Bed\u00fcrfnisse jedes Kunden zugeschnitten sind, wobei unsere Produkte in mehr als 26 L\u00e4nder exportiert werden: von Schrumpfverpackung, Schrumpfverpackung oder Kartonvorschlie\u00dfmaschinen bis hin zu einer breiten Palette von Verbrauchsmaterialien wie Stretchfolien unterschiedlicher Beschaffenheit, Klebeb\u00e4nder oder F\u00fcllmaterialien. Auf der diesj\u00e4hrigen FACHPACK konzentrieren wir<br>uns darauf, das Control-Sortiment an Korrosionsschutzverpackungen in einer Vielzahl<br>von Formaten zu pr\u00e4sentieren, die in der Lage sind, die Ware in einwandfreiem Zustand<br>zu halten und die Qualit\u00e4t des Versands zu gew\u00e4hrleisten. Die Korrosion ist eines der h\u00e4ufigsten Probleme bei der Lagerung und dem Transport von Metallprodukten, insbesondere bei Ferntransporten. Somit werden unsere VCI- Korrosionsschutzverpackungssysteme, die einfach zu handhaben, sauber, sicher und umweltschonend sind, zur am besten geeigneten Option, um sie angemessen zu sch\u00fctzen. Die Abk\u00fcrzung VCI steht f\u00fcr \u201eVolatile Korrosion Inhibitor\u201c. Wie das funktioniert? Fl\u00fcchtige chemische Verbindungen, die an den Verpackungsmaterialien aus Kunststoff oder Papier haften, die Metallgegenst\u00e4nde umgeben, werden nach und nach auf deren Oberfl\u00e4chen<\/p>\n\n\n\n<p>freigesetzt und bilden eine d\u00fcnne Schicht, die Korrosion verhindert. Diese Schutzbarriere verschwindet beim Auspacken der Ware und spart Zeit, da eine nachtr\u00e4gliche Oberfl\u00e4chenreinigung entf\u00e4llt.<\/p>\n\n\n\n<p><strong>Arten von Korrosionsschutzverpackungen aus unserem Katalog<\/strong><\/p>\n\n\n\n<p>Luftpolsterfolie, Schrumpffolien, Wachse, Protektoren, Fl\u00fcssigkeiten oder korrosionsbest\u00e4ndige VCI Emitter, bei Controlpack haben wir endlose Systeme, die sich an die Verpackungs-, Handhabungs- und Transportanforderungen aller Arten von Metallprodukten anpassen. Die hervorragenden Materialien sind:<\/p>\n\n\n\n<p>\u2022 VCI-Stretchfolie: VCI-Folie mit gro\u00dfer Best\u00e4ndigkeit und Dehnungsf\u00e4higkeit f\u00fcr den manuellen und automatischen Gebrauch. Empfohlen zum Verpacken von sperrigen G\u00fctern.<br>\u2022 VCI-Papier: Eine der vielseitigsten Optionen ist Kraftpapier mit beidseitig verklebtem VCI, das sich durch Flexibilit\u00e4t und Widerstandsf\u00e4higkeit auszeichnet.<br>\u2022 VCI-Beutel und S\u00e4cke: In verschiedenen Gr\u00f6\u00dfen erh\u00e4ltlich, eignen sie sich perfekt zum Verpacken von kleinen und mittelgro\u00dfen Metallmaterialien. Wir laden Sie ein, unseren Stand Nr. 151, Halle 9 auf der FACHPACK-Messe zu besuchen, wo Sie alle unsere Neuigkeiten vom Controlpack &#8211; Profiteam finden. Gerne k\u00f6nnen Sie uns auch kontaktieren, um unverbindlich alle Informationen zu unseren Verpackungssystemen und -l\u00f6sungen zu erhalten. Die Registrierung ist v\u00f6llig KOSTENLOS. Wir werden auf dich warten!<\/p>\n\n\n\n<figure class=\"wp-block-image size-full\"><img loading=\"lazy\" decoding=\"async\" width=\"600\" height=\"400\" src=\"http:\/\/www.controlox.eu\/de\/wp-content\/uploads\/2022\/09\/banner_fachpack.jpeg\" alt=\"\" class=\"wp-image-175\" srcset=\"https:\/\/www.controlox.eu\/de\/wp-content\/uploads\/2022\/09\/banner_fachpack.jpeg 600w, https:\/\/www.controlox.eu\/de\/wp-content\/uploads\/2022\/09\/banner_fachpack-300x200.jpeg 300w\" sizes=\"auto, (max-width: 600px) 100vw, 600px\" \/><\/figure>\n\n\n\n<p><\/p>\n\n\n\n<p><\/p>\n","protected":false},"excerpt":{"rendered":"<p>CONTROLPACK wird auf der internationalen Verpackungsmesse FACHPACK 2022 vertreten sein Am 27., 28. und 29. September 2022 findet eine Neuauflage der FACHPACK statt, der wichtigsten Fachmesse f\u00fcr Verpackungsmaterialien, -Dienstleistungen und &#8211; Technologie in Europa.Sie findet jedes Jahr in N\u00fcrnberg statt und hat sich im Laufe ihrer 40-j\u00e4hrigenGeschichte als eine der wichtigsten Plattformen der Branche etabliert, [&hellip;]<\/p>\n","protected":false},"author":1,"featured_media":0,"parent":0,"menu_order":0,"comment_status":"closed","ping_status":"closed","template":"","meta":{"_acf_changed":false,"footnotes":""},"class_list":["post-159","page","type-page","status-publish","hentry"],"acf":[],"yoast_head":"<!-- This site is optimized with the Yoast SEO plugin v26.3 - https:\/\/yoast.com\/wordpress\/plugins\/seo\/ -->\n<title>Blog - ControlOX<\/title>\n<meta name=\"robots\" content=\"index, follow, max-snippet:-1, max-image-preview:large, max-video-preview:-1\" \/>\n<link rel=\"canonical\" href=\"https:\/\/www.controlox.eu\/de\/blog\/\" \/>\n<meta property=\"og:locale\" content=\"en_US\" \/>\n<meta property=\"og:type\" content=\"article\" \/>\n<meta property=\"og:title\" content=\"Blog - ControlOX\" \/>\n<meta property=\"og:description\" content=\"CONTROLPACK wird auf der internationalen Verpackungsmesse FACHPACK 2022 vertreten sein Am 27., 28. und 29. September 2022 findet eine Neuauflage der FACHPACK statt, der wichtigsten Fachmesse f\u00fcr Verpackungsmaterialien, -Dienstleistungen und &#8211; Technologie in Europa.Sie findet jedes Jahr in N\u00fcrnberg statt und hat sich im Laufe ihrer 40-j\u00e4hrigenGeschichte als eine der wichtigsten Plattformen der Branche etabliert, [&hellip;]\" \/>\n<meta property=\"og:url\" content=\"https:\/\/www.controlox.eu\/de\/blog\/\" \/>\n<meta property=\"og:site_name\" content=\"ControlOX\" \/>\n<meta property=\"article:modified_time\" content=\"2022-09-20T09:23:06+00:00\" \/>\n<meta property=\"og:image\" content=\"http:\/\/www.controlox.eu\/de\/wp-content\/uploads\/2022\/09\/banner_fachpack.jpeg\" \/>\n<meta name=\"twitter:card\" content=\"summary_large_image\" \/>\n<meta name=\"twitter:label1\" content=\"Est. reading time\" \/>\n\t<meta name=\"twitter:data1\" content=\"3 minutes\" \/>\n<script type=\"application\/ld+json\" class=\"yoast-schema-graph\">{\"@context\":\"https:\/\/schema.org\",\"@graph\":[{\"@type\":\"WebPage\",\"@id\":\"https:\/\/www.controlox.eu\/de\/blog\/\",\"url\":\"https:\/\/www.controlox.eu\/de\/blog\/\",\"name\":\"Blog - ControlOX\",\"isPartOf\":{\"@id\":\"http:\/\/www.controlox.eu\/de\/#website\"},\"primaryImageOfPage\":{\"@id\":\"https:\/\/www.controlox.eu\/de\/blog\/#primaryimage\"},\"image\":{\"@id\":\"https:\/\/www.controlox.eu\/de\/blog\/#primaryimage\"},\"thumbnailUrl\":\"http:\/\/www.controlox.eu\/de\/wp-content\/uploads\/2022\/09\/banner_fachpack.jpeg\",\"datePublished\":\"2022-09-20T08:09:05+00:00\",\"dateModified\":\"2022-09-20T09:23:06+00:00\",\"breadcrumb\":{\"@id\":\"https:\/\/www.controlox.eu\/de\/blog\/#breadcrumb\"},\"inLanguage\":\"en-US\",\"potentialAction\":[{\"@type\":\"ReadAction\",\"target\":[\"https:\/\/www.controlox.eu\/de\/blog\/\"]}]},{\"@type\":\"ImageObject\",\"inLanguage\":\"en-US\",\"@id\":\"https:\/\/www.controlox.eu\/de\/blog\/#primaryimage\",\"url\":\"http:\/\/www.controlox.eu\/de\/wp-content\/uploads\/2022\/09\/banner_fachpack.jpeg\",\"contentUrl\":\"http:\/\/www.controlox.eu\/de\/wp-content\/uploads\/2022\/09\/banner_fachpack.jpeg\"},{\"@type\":\"BreadcrumbList\",\"@id\":\"https:\/\/www.controlox.eu\/de\/blog\/#breadcrumb\",\"itemListElement\":[{\"@type\":\"ListItem\",\"position\":1,\"name\":\"Home\",\"item\":\"http:\/\/www.controlox.eu\/de\/\"},{\"@type\":\"ListItem\",\"position\":2,\"name\":\"Blog\"}]},{\"@type\":\"WebSite\",\"@id\":\"http:\/\/www.controlox.eu\/de\/#website\",\"url\":\"http:\/\/www.controlox.eu\/de\/\",\"name\":\"ControlOX\",\"description\":\"VCI Packaging Solutions\",\"potentialAction\":[{\"@type\":\"SearchAction\",\"target\":{\"@type\":\"EntryPoint\",\"urlTemplate\":\"http:\/\/www.controlox.eu\/de\/?s={search_term_string}\"},\"query-input\":{\"@type\":\"PropertyValueSpecification\",\"valueRequired\":true,\"valueName\":\"search_term_string\"}}],\"inLanguage\":\"en-US\"}]}<\/script>\n<!-- \/ Yoast SEO plugin. -->","yoast_head_json":{"title":"Blog - ControlOX","robots":{"index":"index","follow":"follow","max-snippet":"max-snippet:-1","max-image-preview":"max-image-preview:large","max-video-preview":"max-video-preview:-1"},"canonical":"https:\/\/www.controlox.eu\/de\/blog\/","og_locale":"en_US","og_type":"article","og_title":"Blog - ControlOX","og_description":"CONTROLPACK wird auf der internationalen Verpackungsmesse FACHPACK 2022 vertreten sein Am 27., 28. und 29. September 2022 findet eine Neuauflage der FACHPACK statt, der wichtigsten Fachmesse f\u00fcr Verpackungsmaterialien, -Dienstleistungen und &#8211; Technologie in Europa.Sie findet jedes Jahr in N\u00fcrnberg statt und hat sich im Laufe ihrer 40-j\u00e4hrigenGeschichte als eine der wichtigsten Plattformen der Branche etabliert, [&hellip;]","og_url":"https:\/\/www.controlox.eu\/de\/blog\/","og_site_name":"ControlOX","article_modified_time":"2022-09-20T09:23:06+00:00","og_image":[{"url":"http:\/\/www.controlox.eu\/de\/wp-content\/uploads\/2022\/09\/banner_fachpack.jpeg","type":"","width":"","height":""}],"twitter_card":"summary_large_image","twitter_misc":{"Est. reading time":"3 minutes"},"schema":{"@context":"https:\/\/schema.org","@graph":[{"@type":"WebPage","@id":"https:\/\/www.controlox.eu\/de\/blog\/","url":"https:\/\/www.controlox.eu\/de\/blog\/","name":"Blog - ControlOX","isPartOf":{"@id":"http:\/\/www.controlox.eu\/de\/#website"},"primaryImageOfPage":{"@id":"https:\/\/www.controlox.eu\/de\/blog\/#primaryimage"},"image":{"@id":"https:\/\/www.controlox.eu\/de\/blog\/#primaryimage"},"thumbnailUrl":"http:\/\/www.controlox.eu\/de\/wp-content\/uploads\/2022\/09\/banner_fachpack.jpeg","datePublished":"2022-09-20T08:09:05+00:00","dateModified":"2022-09-20T09:23:06+00:00","breadcrumb":{"@id":"https:\/\/www.controlox.eu\/de\/blog\/#breadcrumb"},"inLanguage":"en-US","potentialAction":[{"@type":"ReadAction","target":["https:\/\/www.controlox.eu\/de\/blog\/"]}]},{"@type":"ImageObject","inLanguage":"en-US","@id":"https:\/\/www.controlox.eu\/de\/blog\/#primaryimage","url":"http:\/\/www.controlox.eu\/de\/wp-content\/uploads\/2022\/09\/banner_fachpack.jpeg","contentUrl":"http:\/\/www.controlox.eu\/de\/wp-content\/uploads\/2022\/09\/banner_fachpack.jpeg"},{"@type":"BreadcrumbList","@id":"https:\/\/www.controlox.eu\/de\/blog\/#breadcrumb","itemListElement":[{"@type":"ListItem","position":1,"name":"Home","item":"http:\/\/www.controlox.eu\/de\/"},{"@type":"ListItem","position":2,"name":"Blog"}]},{"@type":"WebSite","@id":"http:\/\/www.controlox.eu\/de\/#website","url":"http:\/\/www.controlox.eu\/de\/","name":"ControlOX","description":"VCI Packaging Solutions","potentialAction":[{"@type":"SearchAction","target":{"@type":"EntryPoint","urlTemplate":"http:\/\/www.controlox.eu\/de\/?s={search_term_string}"},"query-input":{"@type":"PropertyValueSpecification","valueRequired":true,"valueName":"search_term_string"}}],"inLanguage":"en-US"}]}},"_links":{"self":[{"href":"https:\/\/www.controlox.eu\/de\/wp-json\/wp\/v2\/pages\/159","targetHints":{"allow":["GET"]}}],"collection":[{"href":"https:\/\/www.controlox.eu\/de\/wp-json\/wp\/v2\/pages"}],"about":[{"href":"https:\/\/www.controlox.eu\/de\/wp-json\/wp\/v2\/types\/page"}],"author":[{"embeddable":true,"href":"https:\/\/www.controlox.eu\/de\/wp-json\/wp\/v2\/users\/1"}],"replies":[{"embeddable":true,"href":"https:\/\/www.controlox.eu\/de\/wp-json\/wp\/v2\/comments?post=159"}],"version-history":[{"count":12,"href":"https:\/\/www.controlox.eu\/de\/wp-json\/wp\/v2\/pages\/159\/revisions"}],"predecessor-version":[{"id":179,"href":"https:\/\/www.controlox.eu\/de\/wp-json\/wp\/v2\/pages\/159\/revisions\/179"}],"wp:attachment":[{"href":"https:\/\/www.controlox.eu\/de\/wp-json\/wp\/v2\/media?parent=159"}],"curies":[{"name":"wp","href":"https:\/\/api.w.org\/{rel}","templated":true}]}}